{"id":13288,"date":"2024-10-14T13:29:43","date_gmt":"2024-10-14T13:29:43","guid":{"rendered":"https:\/\/souzabarrosadv.com.br\/?page_id=13288"},"modified":"2024-10-14T15:36:18","modified_gmt":"2024-10-14T15:36:18","slug":"sobre","status":"publish","type":"page","link":"https:\/\/souzabarrosadv.com.br\/index.php\/sobre\/","title":{"rendered":"Sobre"},"content":{"rendered":"\t\t<div data-elementor-type=\"wp-page\" data-elementor-id=\"13288\" class=\"elementor elementor-13288\" data-elementor-post-type=\"page\">\n\t\t\t\t<div class=\"elementor-element elementor-element-ca0a6c5 e-flex e-con-boxed e-con e-parent\" data-id=\"ca0a6c5\" data-element_type=\"container\" data-settings=\"{&quot;background_background&quot;:&quot;classic&quot;}\">\n\t\t\t\t\t<div class=\"e-con-inner\">\n\t\t<div class=\"elementor-element elementor-element-571aa72 e-con-full e-flex e-con e-child\" data-id=\"571aa72\" data-element_type=\"container\" data-settings=\"{&quot;background_background&quot;:&quot;classic&quot;}\">\n\t\t\t\t<div class=\"elementor-element elementor-element-c9531b2 elementor-widget__width-initial elementor-widget-mobile__width-inherit elementor-widget elementor-widget-heading\" data-id=\"c9531b2\" data-element_type=\"widget\" data-widget_type=\"heading.default\">\n\t\t\t\t<div class=\"elementor-widget-container\">\n\t\t\t<h2 class=\"elementor-heading-title elementor-size-default\">o escrit\u00f3rio<br>\nsouza barros<br>\nadvocacia<\/h2>\t\t<\/div>\n\t\t\t\t<\/div>\n\t\t\t\t<\/div>\n\t\t<div class=\"elementor-element elementor-element-04d39cc e-con-full e-flex e-con e-child\" data-id=\"04d39cc\" data-element_type=\"container\">\n\t\t\t\t<div class=\"elementor-element elementor-element-afd2d8f elementor-widget__width-initial elementor-widget-mobile__width-inherit elementor-widget elementor-widget-heading\" data-id=\"afd2d8f\" data-element_type=\"widget\" data-widget_type=\"heading.default\">\n\t\t\t\t<div class=\"elementor-widget-container\">\n\t\t\t<h2 class=\"elementor-heading-title elementor-size-default\">Desde sua funda\u00e7\u00e3o em 2017, o Souza Barros Advocacia se especializou em oferecer solu\u00e7\u00f5es jur\u00eddicas estrat\u00e9gicas para empresas, executivos, investidores e fam\u00edlias de alto patrim\u00f4nio. Nosso objetivo \u00e9 proporcionar aos clientes seguran\u00e7a jur\u00eddica, prote\u00e7\u00e3o patrimonial e redu\u00e7\u00e3o de riscos fiscais, atuando com uma vis\u00e3o ampla e estrat\u00e9gica das necessidades de cada cliente.<\/h2>\t\t<\/div>\n\t\t\t\t<\/div>\n\t\t\t\t<div class=\"elementor-element elementor-element-ac9571c elementor-widget__width-initial elementor-widget-mobile__width-inherit elementor-widget elementor-widget-heading\" data-id=\"ac9571c\" data-element_type=\"widget\" data-widget_type=\"heading.default\">\n\t\t\t\t<div class=\"elementor-widget-container\">\n\t\t\t<h2 class=\"elementor-heading-title elementor-size-default\">Nosso diferencial est\u00e1 na personaliza\u00e7\u00e3o dos servi\u00e7os, no acompanhamento cont\u00ednuo e na capacidade de oferecer solu\u00e7\u00f5es de vanguarda que garantem resultados efetivos, sempre alinhados \u00e0s mudan\u00e7as da legisla\u00e7\u00e3o e \u00e0s necessidades do mercado.<\/h2>\t\t<\/div>\n\t\t\t\t<\/div>\n\t\t\t\t<\/div>\n\t\t\t\t\t<\/div>\n\t\t\t\t<\/div>\n\t\t<div class=\"elementor-element elementor-element-45af83f e-flex e-con-boxed e-con e-parent\" data-id=\"45af83f\" data-element_type=\"container\" data-settings=\"{&quot;background_background&quot;:&quot;classic&quot;}\">\n\t\t\t\t\t<div class=\"e-con-inner\">\n\t\t<div class=\"elementor-element elementor-element-b4138be e-con-full elementor-hidden-mobile e-flex e-con e-child\" data-id=\"b4138be\" data-element_type=\"container\">\n\t\t\t\t<\/div>\n\t\t<div class=\"elementor-element elementor-element-d2877e4 e-con-full e-flex e-con e-child\" data-id=\"d2877e4\" data-element_type=\"container\">\n\t\t\t\t<div class=\"elementor-element elementor-element-b4d419c elementor-widget__width-inherit elementor-widget elementor-widget-heading\" data-id=\"b4d419c\" data-element_type=\"widget\" data-widget_type=\"heading.default\">\n\t\t\t\t<div class=\"elementor-widget-container\">\n\t\t\t<h2 class=\"elementor-heading-title elementor-size-default\">a idealizadora: <br>dra. thais souza barros<\/h2>\t\t<\/div>\n\t\t\t\t<\/div>\n\t\t\t\t<div class=\"elementor-element elementor-element-c47f347 elementor-widget__width-initial elementor-widget-mobile__width-inherit elementor-widget elementor-widget-heading\" data-id=\"c47f347\" data-element_type=\"widget\" data-widget_type=\"heading.default\">\n\t\t\t\t<div class=\"elementor-widget-container\">\n\t\t\t<h2 class=\"elementor-heading-title elementor-size-default\">\u00c0 frente do Souza Barros Advocacia, Dra. Thais Souza Barros \u00e9 advogada com vasta experi\u00eancia em Direito Tribut\u00e1rio, Gest\u00e3o de Holdings e Direito Empresarial. Reconhecida por sua atua\u00e7\u00e3o em casos de alta complexidade, Dra. Thais \u00e9 especialista em otimiza\u00e7\u00e3o fiscal e prote\u00e7\u00e3o patrimonial, ajudando empresas e fam\u00edlias a alcan\u00e7arem seus objetivos financeiros e sucess\u00f3rios de maneira segura e eficaz.<\/h2>\t\t<\/div>\n\t\t\t\t<\/div>\n\t\t\t\t<div class=\"elementor-element elementor-element-cda3b9f elementor-widget elementor-widget-ld_button\" data-id=\"cda3b9f\" data-element_type=\"widget\" data-widget_type=\"ld_button.default\">\n\t\t\t\t<div class=\"elementor-widget-container\">\n\t\t\t\n\t\t\t<a\n\t\t\t\thref=\"https:\/\/www.instagram.com\/advocaciasouzabarros\/\" target=\"_blank\"class=\"elementor-button btn btn-solid btn-icon-right btn-has-label\"\t\t\t>\n\t\t\t\t\t\t\t\t\t<span data-text=\"acompanhe no instagram\" class=\"btn-txt\">\n\t\t\t\t\t\tacompanhe no instagram\t\t\t\t\t<\/span>\n\t\t\t\t\t\t\t\t\t\t\t\t\t\t<span class=\"btn-icon\">\n\t\t\t\t\t\t\t<svg aria-hidden=\"true\" class=\"e-font-icon-svg e-fab-instagram\" viewBox=\"0 0 448 512\" xmlns=\"http:\/\/www.w3.org\/2000\/svg\"><path d=\"M224.1 141c-63.6 0-114.9 51.3-114.9 114.9s51.3 114.9 114.9 114.9S339 319.5 339 255.9 287.7 141 224.1 141zm0 189.6c-41.1 0-74.7-33.5-74.7-74.7s33.5-74.7 74.7-74.7 74.7 33.5 74.7 74.7-33.6 74.7-74.7 74.7zm146.4-194.3c0 14.9-12 26.8-26.8 26.8-14.9 0-26.8-12-26.8-26.8s12-26.8 26.8-26.8 26.8 12 26.8 26.8zm76.1 27.2c-1.7-35.9-9.9-67.7-36.2-93.9-26.2-26.2-58-34.4-93.9-36.2-37-2.1-147.9-2.1-184.9 0-35.8 1.7-67.6 9.9-93.9 36.1s-34.4 58-36.2 93.9c-2.1 37-2.1 147.9 0 184.9 1.7 35.9 9.9 67.7 36.2 93.9s58 34.4 93.9 36.2c37 2.1 147.9 2.1 184.9 0 35.9-1.7 67.7-9.9 93.9-36.2 26.2-26.2 34.4-58 36.2-93.9 2.1-37 2.1-147.8 0-184.8zM398.8 388c-7.8 19.6-22.9 34.7-42.6 42.6-29.5 11.7-99.5 9-132.1 9s-102.7 2.6-132.1-9c-19.6-7.8-34.7-22.9-42.6-42.6-11.7-29.5-9-99.5-9-132.1s-2.6-102.7 9-132.1c7.8-19.6 22.9-34.7 42.6-42.6 29.5-11.7 99.5-9 132.1-9s102.7-2.6 132.1 9c19.6 7.8 34.7 22.9 42.6 42.6 11.7 29.5 9 99.5 9 132.1s2.7 102.7-9 132.1z\"><\/path><\/svg>\t\t\t\t\t\t<\/span>\n\t\t\t\t\t\t\t\t\t<\/a>\n\t\t\t\t\t<\/div>\n\t\t\t\t<\/div>\n\t\t\t\t<\/div>\n\t\t\t\t\t<\/div>\n\t\t\t\t<\/div>\n\t\t<div class=\"elementor-element elementor-element-4825d3e e-flex e-con-boxed e-con e-parent\" data-id=\"4825d3e\" data-element_type=\"container\">\n\t\t\t\t\t<div class=\"e-con-inner\">\n\t\t<div class=\"elementor-element elementor-element-884e2f0 e-con-full e-flex e-con e-child\" data-id=\"884e2f0\" data-element_type=\"container\">\n\t\t\t\t<div class=\"elementor-element elementor-element-98d8310 elementor-widget elementor-widget-heading\" data-id=\"98d8310\" data-element_type=\"widget\" data-widget_type=\"heading.default\">\n\t\t\t\t<div class=\"elementor-widget-container\">\n\t\t\t<h2 class=\"elementor-heading-title elementor-size-default\">Miss\u00e3o<\/h2>\t\t<\/div>\n\t\t\t\t<\/div>\n\t\t\t\t<div class=\"elementor-element elementor-element-b844cf6 elementor-widget elementor-widget-heading\" data-id=\"b844cf6\" data-element_type=\"widget\" data-widget_type=\"heading.default\">\n\t\t\t\t<div class=\"elementor-widget-container\">\n\t\t\t<h2 class=\"elementor-heading-title elementor-size-default\">Oferecer solu\u00e7\u00f5es jur\u00eddicas de excel\u00eancia, personalizadas e inovadoras, que atendam \u00e0s necessidades espec\u00edficas de nossos clientes, garantindo seguran\u00e7a jur\u00eddica, prote\u00e7\u00e3o patrimonial e otimiza\u00e7\u00e3o fiscal.<\/h2>\t\t<\/div>\n\t\t\t\t<\/div>\n\t\t\t\t<\/div>\n\t\t<div class=\"elementor-element elementor-element-9e169b5 e-con-full e-flex e-con e-child\" data-id=\"9e169b5\" data-element_type=\"container\">\n\t\t\t\t<div class=\"elementor-element elementor-element-33451a4 elementor-widget elementor-widget-heading\" data-id=\"33451a4\" data-element_type=\"widget\" data-widget_type=\"heading.default\">\n\t\t\t\t<div class=\"elementor-widget-container\">\n\t\t\t<h2 class=\"elementor-heading-title elementor-size-default\">Vis\u00e3o<\/h2>\t\t<\/div>\n\t\t\t\t<\/div>\n\t\t\t\t<div class=\"elementor-element elementor-element-b1b01e3 elementor-widget elementor-widget-heading\" data-id=\"b1b01e3\" data-element_type=\"widget\" data-widget_type=\"heading.default\">\n\t\t\t\t<div class=\"elementor-widget-container\">\n\t\t\t<h2 class=\"elementor-heading-title elementor-size-default\">Ser reconhecido como um dos escrit\u00f3rios de advocacia mais inovadores e respeitados do Brasil, com uma abordagem estrat\u00e9gica que garante a fideliza\u00e7\u00e3o de clientes e parcerias duradouras.<\/h2>\t\t<\/div>\n\t\t\t\t<\/div>\n\t\t\t\t<\/div>\n\t\t<div class=\"elementor-element elementor-element-5365938 e-con-full e-flex e-con e-child\" data-id=\"5365938\" data-element_type=\"container\">\n\t\t\t\t<div class=\"elementor-element elementor-element-bce6019 elementor-widget elementor-widget-heading\" data-id=\"bce6019\" data-element_type=\"widget\" data-widget_type=\"heading.default\">\n\t\t\t\t<div class=\"elementor-widget-container\">\n\t\t\t<h2 class=\"elementor-heading-title elementor-size-default\">Valores<\/h2>\t\t<\/div>\n\t\t\t\t<\/div>\n\t\t\t\t<div class=\"elementor-element elementor-element-8a4f642 elementor-widget elementor-widget-text-editor\" data-id=\"8a4f642\" data-element_type=\"widget\" data-widget_type=\"text-editor.default\">\n\t\t\t\t<div class=\"elementor-widget-container\">\n\t\t\t\t\t\t\t<ul><li><strong>\u00c9tica e Transpar\u00eancia:<\/strong> Atuamos com honestidade e clareza em todos os aspectos de nossos servi\u00e7os.<\/li><li><strong>Excel\u00eancia T\u00e9cnica:<\/strong> A busca pela perfei\u00e7\u00e3o e pela qualidade t\u00e9cnica est\u00e1 presente em cada a\u00e7\u00e3o que tomamos.<\/li><li><strong>Inova\u00e7\u00e3o Constante:<\/strong> Utilizamos as tecnologias mais modernas e as melhores pr\u00e1ticas jur\u00eddicas para oferecer solu\u00e7\u00f5es \u00e0 frente do mercado.<\/li><li><strong>Foco no Cliente:<\/strong> Cada cliente \u00e9 \u00fanico, e nossas solu\u00e7\u00f5es s\u00e3o desenvolvidas para atender suas necessidades espec\u00edficas de forma personalizada.<\/li><\/ul>\t\t\t\t\t\t<\/div>\n\t\t\t\t<\/div>\n\t\t\t\t<\/div>\n\t\t\t\t\t<\/div>\n\t\t\t\t<\/div>\n\t\t\t\t<\/div>\n\t\t","protected":false},"excerpt":{"rendered":"<p>o escrit\u00f3rio souza barros advocacia Desde sua funda\u00e7\u00e3o em 2017, o Souza Barros Advocacia se especializou em oferecer solu\u00e7\u00f5es jur\u00eddicas estrat\u00e9gicas para empresas, executivos, investidores e fam\u00edlias de alto patrim\u00f4nio. Nosso objetivo \u00e9 proporcionar aos clientes seguran\u00e7a jur\u00eddica, prote\u00e7\u00e3o patrimonial e redu\u00e7\u00e3o de riscos fiscais, atuando com uma vis\u00e3o ampla e estrat\u00e9gica das necessidades de [&hellip;]<\/p>\n","protected":false},"author":1,"featured_media":0,"parent":0,"menu_order":0,"comment_status":"closed","ping_status":"closed","template":"","meta":{"_joinchat":[],"footnotes":""},"class_list":["post-13288","page","type-page","status-publish","hentry"],"_links":{"self":[{"href":"https:\/\/souzabarrosadv.com.br\/index.php\/wp-json\/wp\/v2\/pages\/13288","targetHints":{"allow":["GET"]}}],"collection":[{"href":"https:\/\/souzabarrosadv.com.br\/index.php\/wp-json\/wp\/v2\/pages"}],"about":[{"href":"https:\/\/souzabarrosadv.com.br\/index.php\/wp-json\/wp\/v2\/types\/page"}],"author":[{"embeddable":true,"href":"https:\/\/souzabarrosadv.com.br\/index.php\/wp-json\/wp\/v2\/users\/1"}],"replies":[{"embeddable":true,"href":"https:\/\/souzabarrosadv.com.br\/index.php\/wp-json\/wp\/v2\/comments?post=13288"}],"version-history":[{"count":15,"href":"https:\/\/souzabarrosadv.com.br\/index.php\/wp-json\/wp\/v2\/pages\/13288\/revisions"}],"predecessor-version":[{"id":13379,"href":"https:\/\/souzabarrosadv.com.br\/index.php\/wp-json\/wp\/v2\/pages\/13288\/revisions\/13379"}],"wp:attachment":[{"href":"https:\/\/souzabarrosadv.com.br\/index.php\/wp-json\/wp\/v2\/media?parent=13288"}],"curies":[{"name":"wp","href":"https:\/\/api.w.org\/{rel}","templated":true}]}}