{"id":12724,"date":"2021-12-08T08:07:39","date_gmt":"2021-12-08T08:07:39","guid":{"rendered":"https:\/\/staging.liquid-themes.com\/original\/?page_id=12724"},"modified":"2024-10-16T22:31:50","modified_gmt":"2024-10-16T22:31:50","slug":"homepage","status":"publish","type":"page","link":"https:\/\/souzabarrosadv.com.br\/","title":{"rendered":"Homepage"},"content":{"rendered":"\t\t<div data-elementor-type=\"wp-page\" data-elementor-id=\"12724\" class=\"elementor elementor-12724\" data-elementor-post-type=\"page\">\n\t\t\t\t<div class=\"elementor-element elementor-element-52bb23b e-flex e-con-boxed e-con e-parent\" data-id=\"52bb23b\" data-element_type=\"container\" data-settings=\"{&quot;background_background&quot;:&quot;classic&quot;}\">\n\t\t\t\t\t<div class=\"e-con-inner\">\n\t\t\t\t<div class=\"elementor-element elementor-element-5d566cf elementor-widget-mobile__width-inherit elementor-widget__width-initial elementor-widget elementor-widget-heading\" data-id=\"5d566cf\" data-element_type=\"widget\" data-widget_type=\"heading.default\">\n\t\t\t\t<div class=\"elementor-widget-container\">\n\t\t\t<h2 class=\"elementor-heading-title elementor-size-default\">Tribut\u00e1rio, Empresarial e Holding Patrimonial:<\/h2>\t\t<\/div>\n\t\t\t\t<\/div>\n\t\t\t\t\t<\/div>\n\t\t\t\t<\/div>\n\t\t<div class=\"elementor-element elementor-element-e5ee7bf e-flex e-con-boxed e-con e-parent\" data-id=\"e5ee7bf\" data-element_type=\"container\" data-settings=\"{&quot;background_background&quot;:&quot;classic&quot;}\">\n\t\t\t\t\t<div class=\"e-con-inner\">\n\t\t<div class=\"elementor-element elementor-element-f418270 e-con-full e-flex e-con e-child\" data-id=\"f418270\" data-element_type=\"container\">\n\t\t\t\t<div class=\"elementor-element elementor-element-6f5de33 elementor-widget__width-initial elementor-widget-mobile__width-inherit elementor-widget elementor-widget-heading\" data-id=\"6f5de33\" data-element_type=\"widget\" data-widget_type=\"heading.default\">\n\t\t\t\t<div class=\"elementor-widget-container\">\n\t\t\t<h2 class=\"elementor-heading-title elementor-size-default\">Estrat\u00e9gias avan\u00e7adas para\nempresas e fam\u00edlias com alto patrim\u00f4nio.<\/h2>\t\t<\/div>\n\t\t\t\t<\/div>\n\t\t\t\t<\/div>\n\t\t<div class=\"elementor-element elementor-element-a19c909 e-con-full e-flex e-con e-child\" data-id=\"a19c909\" data-element_type=\"container\">\n\t\t\t\t<div class=\"elementor-element elementor-element-555107c elementor-widget elementor-widget-heading\" data-id=\"555107c\" data-element_type=\"widget\" data-widget_type=\"heading.default\">\n\t\t\t\t<div class=\"elementor-widget-container\">\n\t\t\t<h2 class=\"elementor-heading-title elementor-size-default\">\u00c1reas de atua\u00e7\u00e3o<\/h2>\t\t<\/div>\n\t\t\t\t<\/div>\n\t\t\t\t<\/div>\n\t\t<div class=\"elementor-element elementor-element-26f4c7f e-con-full e-flex e-con e-child\" data-id=\"26f4c7f\" data-element_type=\"container\">\n\t\t<div class=\"elementor-element elementor-element-af917ca e-con-full e-flex e-con e-child\" data-id=\"af917ca\" data-element_type=\"container\">\n\t\t\t\t<div class=\"elementor-element elementor-element-c68b8af elementor-widget elementor-widget-image\" data-id=\"c68b8af\" data-element_type=\"widget\" data-widget_type=\"image.default\">\n\t\t\t\t<div class=\"elementor-widget-container\">\n\t\t\t\t\t\t\t\t\t\t\t\t\t<img decoding=\"async\" width=\"124\" height=\"98\" src=\"https:\/\/souzabarrosadv.com.br\/wp-content\/uploads\/2024\/10\/icon-direito-tributario.png\" class=\"attachment-full size-full wp-image-13171\" alt=\"\" \/>\t\t\t\t\t\t\t\t\t\t\t\t\t<\/div>\n\t\t\t\t<\/div>\n\t\t\t\t<div class=\"elementor-element elementor-element-aa8a81f elementor-widget__width-inherit elementor-widget elementor-widget-heading\" data-id=\"aa8a81f\" data-element_type=\"widget\" data-widget_type=\"heading.default\">\n\t\t\t\t<div class=\"elementor-widget-container\">\n\t\t\t<h2 class=\"elementor-heading-title elementor-size-default\">direito tribut\u00e1rio<\/h2>\t\t<\/div>\n\t\t\t\t<\/div>\n\t\t\t\t<div class=\"elementor-element elementor-element-cc82333 elementor-widget elementor-widget-heading\" data-id=\"cc82333\" data-element_type=\"widget\" data-widget_type=\"heading.default\">\n\t\t\t\t<div class=\"elementor-widget-container\">\n\t\t\t<h2 class=\"elementor-heading-title elementor-size-default\">Planejamento tribut\u00e1rio, consultoria fiscal especializada, defesa em\nexecu\u00e7\u00f5es fiscais e solu\u00e7\u00f5es para regulariza\u00e7\u00e3o de d\u00edvidas junto ao fisco.<\/h2>\t\t<\/div>\n\t\t\t\t<\/div>\n\t\t\t\t<\/div>\n\t\t<div class=\"elementor-element elementor-element-ce463c4 e-con-full e-flex e-con e-child\" data-id=\"ce463c4\" data-element_type=\"container\">\n\t\t\t\t<div class=\"elementor-element elementor-element-73ece6f elementor-widget elementor-widget-image\" data-id=\"73ece6f\" data-element_type=\"widget\" data-widget_type=\"image.default\">\n\t\t\t\t<div class=\"elementor-widget-container\">\n\t\t\t\t\t\t\t\t\t\t\t\t\t<img decoding=\"async\" width=\"85\" height=\"98\" src=\"data:image\/svg+xml;charset=utf-8,%3Csvg xmlns%3D&#039;http%3A%2F%2Fwww.w3.org%2F2000%2Fsvg&#039; viewBox%3D&#039;0 0 85 98&#039;%2F%3E\" class=\"attachment-full size-full wp-image-13173 ld-lazyload\" alt=\"\" data-src=\"https:\/\/souzabarrosadv.com.br\/wp-content\/uploads\/2024\/10\/icon-holding.png\" data-aspect=\"0.86734693877551\" \/>\t\t\t\t\t\t\t\t\t\t\t\t\t<\/div>\n\t\t\t\t<\/div>\n\t\t\t\t<div class=\"elementor-element elementor-element-8957ea6 elementor-widget__width-inherit elementor-widget elementor-widget-heading\" data-id=\"8957ea6\" data-element_type=\"widget\" data-widget_type=\"heading.default\">\n\t\t\t\t<div class=\"elementor-widget-container\">\n\t\t\t<h2 class=\"elementor-heading-title elementor-size-default\">holding patrimonial<\/h2>\t\t<\/div>\n\t\t\t\t<\/div>\n\t\t\t\t<div class=\"elementor-element elementor-element-c562d67 elementor-widget elementor-widget-heading\" data-id=\"c562d67\" data-element_type=\"widget\" data-widget_type=\"heading.default\">\n\t\t\t\t<div class=\"elementor-widget-container\">\n\t\t\t<h2 class=\"elementor-heading-title elementor-size-default\">Estrutura\u00e7\u00e3o e gest\u00e3o de holdings, para preservar, otimizar e\ntransferir seu patrim\u00f4nio com seguran\u00e7a, otimiza\u00e7\u00e3o fiscal e sucess\u00e3o planejada.<\/h2>\t\t<\/div>\n\t\t\t\t<\/div>\n\t\t\t\t<\/div>\n\t\t<div class=\"elementor-element elementor-element-0231b30 e-con-full e-flex e-con e-child\" data-id=\"0231b30\" data-element_type=\"container\">\n\t\t\t\t<div class=\"elementor-element elementor-element-ee08cf5 elementor-widget elementor-widget-image\" data-id=\"ee08cf5\" data-element_type=\"widget\" data-widget_type=\"image.default\">\n\t\t\t\t<div class=\"elementor-widget-container\">\n\t\t\t\t\t\t\t\t\t\t\t\t\t<img decoding=\"async\" width=\"93\" height=\"98\" src=\"data:image\/svg+xml;charset=utf-8,%3Csvg xmlns%3D&#039;http%3A%2F%2Fwww.w3.org%2F2000%2Fsvg&#039; viewBox%3D&#039;0 0 93 98&#039;%2F%3E\" class=\"attachment-full size-full wp-image-13172 ld-lazyload\" alt=\"\" data-src=\"https:\/\/souzabarrosadv.com.br\/wp-content\/uploads\/2024\/10\/icone-empresarial.png\" data-aspect=\"0.94897959183673\" \/>\t\t\t\t\t\t\t\t\t\t\t\t\t<\/div>\n\t\t\t\t<\/div>\n\t\t\t\t<div class=\"elementor-element elementor-element-52d4b57 elementor-widget__width-inherit elementor-widget elementor-widget-heading\" data-id=\"52d4b57\" data-element_type=\"widget\" data-widget_type=\"heading.default\">\n\t\t\t\t<div class=\"elementor-widget-container\">\n\t\t\t<h2 class=\"elementor-heading-title elementor-size-default\">direito empresarial<\/h2>\t\t<\/div>\n\t\t\t\t<\/div>\n\t\t\t\t<div class=\"elementor-element elementor-element-0827416 elementor-widget elementor-widget-heading\" data-id=\"0827416\" data-element_type=\"widget\" data-widget_type=\"heading.default\">\n\t\t\t\t<div class=\"elementor-widget-container\">\n\t\t\t<h2 class=\"elementor-heading-title elementor-size-default\">Consultoria completa para empresas, desde a constitui\u00e7\u00e3o at\u00e9 fus\u00f5es, aquisi\u00e7\u00f5es e reestrutura\u00e7\u00f5es.<\/h2>\t\t<\/div>\n\t\t\t\t<\/div>\n\t\t\t\t<\/div>\n\t\t\t\t<\/div>\n\t\t\t\t\t<\/div>\n\t\t\t\t<\/div>\n\t\t<div class=\"elementor-element elementor-element-2b18543 e-flex e-con-boxed e-con e-parent\" data-id=\"2b18543\" data-element_type=\"container\">\n\t\t\t\t\t<div class=\"e-con-inner\">\n\t\t<div class=\"elementor-element elementor-element-e110df8 e-con-full e-flex e-con e-child\" data-id=\"e110df8\" data-element_type=\"container\">\n\t\t\t\t<div class=\"elementor-element elementor-element-f36e8eb elementor-hidden-mobile elementor-widget elementor-widget-image\" data-id=\"f36e8eb\" data-element_type=\"widget\" data-widget_type=\"image.default\">\n\t\t\t\t<div class=\"elementor-widget-container\">\n\t\t\t\t\t\t\t\t\t\t\t\t\t<img loading=\"lazy\" decoding=\"async\" width=\"41\" height=\"224\" src=\"data:image\/svg+xml;charset=utf-8,%3Csvg xmlns%3D&#039;http%3A%2F%2Fwww.w3.org%2F2000%2Fsvg&#039; viewBox%3D&#039;0 0 41 224&#039;%2F%3E\" class=\"attachment-large size-large wp-image-13184 ld-lazyload\" alt=\"\" data-src=\"https:\/\/souzabarrosadv.com.br\/wp-content\/uploads\/2024\/10\/desde-2017.png\" data-aspect=\"0.18303571428571\" \/>\t\t\t\t\t\t\t\t\t\t\t\t\t<\/div>\n\t\t\t\t<\/div>\n\t\t\t\t<div class=\"elementor-element elementor-element-6503003 elementor-hidden-desktop elementor-hidden-tablet elementor-widget elementor-widget-image\" data-id=\"6503003\" data-element_type=\"widget\" data-widget_type=\"image.default\">\n\t\t\t\t<div class=\"elementor-widget-container\">\n\t\t\t\t\t\t\t\t\t\t\t\t\t<img loading=\"lazy\" decoding=\"async\" width=\"224\" height=\"41\" src=\"data:image\/svg+xml;charset=utf-8,%3Csvg xmlns%3D&#039;http%3A%2F%2Fwww.w3.org%2F2000%2Fsvg&#039; viewBox%3D&#039;0 0 224 41&#039;%2F%3E\" class=\"attachment-full size-full wp-image-13203 ld-lazyload\" alt=\"\" data-src=\"https:\/\/souzabarrosadv.com.br\/wp-content\/uploads\/2024\/10\/desde-2017-mobile.png\" data-aspect=\"5.4634146341463\" \/>\t\t\t\t\t\t\t\t\t\t\t\t\t<\/div>\n\t\t\t\t<\/div>\n\t\t\t\t<\/div>\n\t\t<div class=\"elementor-element elementor-element-08b7ed4 e-con-full e-flex e-con e-child\" data-id=\"08b7ed4\" data-element_type=\"container\">\n\t\t\t\t<div class=\"elementor-element elementor-element-3a85e2d elementor-widget__width-inherit elementor-widget elementor-widget-heading\" data-id=\"3a85e2d\" data-element_type=\"widget\" data-widget_type=\"heading.default\">\n\t\t\t\t<div class=\"elementor-widget-container\">\n\t\t\t<h2 class=\"elementor-heading-title elementor-size-default\">nosso objetivo \u00e9\ngarantir a seguran\u00e7a\njur\u00eddica, otimiza\u00e7\u00e3o\nfiscal e prote\u00e7\u00e3o\npatrimonial de nossos\nclientes.<\/h2>\t\t<\/div>\n\t\t\t\t<\/div>\n\t\t\t\t<div class=\"elementor-element elementor-element-a31b6ff elementor-widget elementor-widget-image\" data-id=\"a31b6ff\" data-element_type=\"widget\" data-widget_type=\"image.default\">\n\t\t\t\t<div class=\"elementor-widget-container\">\n\t\t\t\t\t\t\t\t\t\t\t\t\t<img loading=\"lazy\" decoding=\"async\" width=\"300\" height=\"238\" src=\"data:image\/svg+xml;charset=utf-8,%3Csvg xmlns%3D&#039;http%3A%2F%2Fwww.w3.org%2F2000%2Fsvg&#039; viewBox%3D&#039;0 0 300 238&#039;%2F%3E\" class=\"attachment-full size-full wp-image-13183 ld-lazyload\" alt=\"\" data-src=\"https:\/\/souzabarrosadv.com.br\/wp-content\/uploads\/2024\/10\/estatua.png\" data-aspect=\"1.2605042016807\" \/>\t\t\t\t\t\t\t\t\t\t\t\t\t<\/div>\n\t\t\t\t<\/div>\n\t\t\t\t<\/div>\n\t\t<div class=\"elementor-element elementor-element-89ca988 e-con-full e-flex e-con e-child\" data-id=\"89ca988\" data-element_type=\"container\">\n\t\t\t\t<div class=\"elementor-element elementor-element-df4ce31 elementor-widget elementor-widget-heading\" data-id=\"df4ce31\" data-element_type=\"widget\" data-widget_type=\"heading.default\">\n\t\t\t\t<div class=\"elementor-widget-container\">\n\t\t\t<h2 class=\"elementor-heading-title elementor-size-default\">Por que nos escolher?<\/h2>\t\t<\/div>\n\t\t\t\t<\/div>\n\t\t\t\t<div class=\"elementor-element elementor-element-37dbfc4 elementor-widget elementor-widget-heading\" data-id=\"37dbfc4\" data-element_type=\"widget\" data-widget_type=\"heading.default\">\n\t\t\t\t<div class=\"elementor-widget-container\">\n\t\t\t<h2 class=\"elementor-heading-title elementor-size-default\">Nosso escrit\u00f3rio se diferencia pela qualidade t\u00e9cnica, foco em resultados e dedica\u00e7\u00e3o total \u00e0s necessidades de nossos clientes. \nAtuamos de forma personalizada e com um profundo entendimento das legisla\u00e7\u00f5es aplic\u00e1veis, oferecendo solu\u00e7\u00f5es jur\u00eddicas eficazes que contribuem para o sucesso e crescimento sustent\u00e1vel de nossos clientes.\n<\/h2>\t\t<\/div>\n\t\t\t\t<\/div>\n\t\t\t\t<\/div>\n\t\t\t\t\t<\/div>\n\t\t\t\t<\/div>\n\t\t<div class=\"elementor-element elementor-element-45af83f e-flex e-con-boxed e-con e-parent\" data-id=\"45af83f\" data-element_type=\"container\" data-settings=\"{&quot;background_background&quot;:&quot;classic&quot;}\">\n\t\t\t\t\t<div class=\"e-con-inner\">\n\t\t<div class=\"elementor-element elementor-element-b4138be e-con-full elementor-hidden-mobile e-flex e-con e-child\" data-id=\"b4138be\" data-element_type=\"container\">\n\t\t\t\t<\/div>\n\t\t<div class=\"elementor-element elementor-element-d2877e4 e-con-full e-flex e-con e-child\" data-id=\"d2877e4\" data-element_type=\"container\">\n\t\t\t\t<div class=\"elementor-element elementor-element-b4d419c elementor-widget__width-inherit elementor-widget elementor-widget-heading\" data-id=\"b4d419c\" data-element_type=\"widget\" data-widget_type=\"heading.default\">\n\t\t\t\t<div class=\"elementor-widget-container\">\n\t\t\t<h2 class=\"elementor-heading-title elementor-size-default\">dra. thais<br> souza barros<\/h2>\t\t<\/div>\n\t\t\t\t<\/div>\n\t\t\t\t<div class=\"elementor-element elementor-element-c47f347 elementor-widget__width-initial elementor-widget-mobile__width-inherit elementor-widget elementor-widget-heading\" data-id=\"c47f347\" data-element_type=\"widget\" data-widget_type=\"heading.default\">\n\t\t\t\t<div class=\"elementor-widget-container\">\n\t\t\t<h2 class=\"elementor-heading-title elementor-size-default\">Com mais de 10 anos de experi\u00eancia em Direito Tribut\u00e1rio e Empresarial, Dra. Thais Souza Barros \u00e9 uma especialista reconhecida por sua capacidade de atuar em casos complexos. Sua carreira \u00e9 marcada pela inova\u00e7\u00e3o, \u00e9tica e compromisso com a prote\u00e7\u00e3o patrimonial e otimiza\u00e7\u00e3o fiscal dos clientes.<\/h2>\t\t<\/div>\n\t\t\t\t<\/div>\n\t\t\t\t<div class=\"elementor-element elementor-element-cda3b9f elementor-widget elementor-widget-ld_button\" data-id=\"cda3b9f\" data-element_type=\"widget\" data-widget_type=\"ld_button.default\">\n\t\t\t\t<div class=\"elementor-widget-container\">\n\t\t\t\n\t\t\t<a\n\t\t\t\thref=\"https:\/\/souzabarrosadv.com.br\/index.php\/sobre\/\"class=\"elementor-button btn btn-solid btn-icon-shaped btn-has-label\"\t\t\t>\n\t\t\t\t\t\t\t\t\t<span data-text=\"Conhe\u00e7a o Escrit\u00f3rio\" class=\"btn-txt\">\n\t\t\t\t\t\tConhe\u00e7a o Escrit\u00f3rio\t\t\t\t\t<\/span>\n\t\t\t\t\t\t\t\t\t\t\t<\/a>\n\t\t\t\t\t<\/div>\n\t\t\t\t<\/div>\n\t\t\t\t<\/div>\n\t\t\t\t\t<\/div>\n\t\t\t\t<\/div>\n\t\t<div class=\"elementor-element elementor-element-30f0abe e-flex e-con-boxed e-con e-parent\" data-id=\"30f0abe\" data-element_type=\"container\">\n\t\t\t\t\t<div class=\"e-con-inner\">\n\t\t<div class=\"elementor-element elementor-element-ad945c8 e-con-full e-flex e-con e-child\" data-id=\"ad945c8\" data-element_type=\"container\">\n\t\t\t\t<div class=\"elementor-element elementor-element-1cd3464 elementor-widget__width-inherit elementor-widget elementor-widget-heading\" data-id=\"1cd3464\" data-element_type=\"widget\" data-widget_type=\"heading.default\">\n\t\t\t\t<div class=\"elementor-widget-container\">\n\t\t\t<h2 class=\"elementor-heading-title elementor-size-default\">blog dra. thais barros<\/h2>\t\t<\/div>\n\t\t\t\t<\/div>\n\t\t\t\t<\/div>\n\t\t<div class=\"elementor-element elementor-element-d2fc795 e-con-full e-flex e-con e-child\" data-id=\"d2fc795\" data-element_type=\"container\">\n\t\t\t\t<div class=\"elementor-element elementor-element-750ae0a elementor-widget elementor-widget-ld_blog\" data-id=\"750ae0a\" data-element_type=\"widget\" data-widget_type=\"ld_blog.default\">\n\t\t\t\t<div class=\"elementor-widget-container\">\n\t\t\t<div class=\"lqd-lp-grid 750ae0a blog-id-122727946 \"><div class=\"lqd-lp-row row pos-rel d-flex flex-wrap\" ><div class=\"lqd-lp-column d-flex flex-column col-md-4 col-sm-6 holding-patrimonial\"><article id=\"post-13431\" class=\"lqd-lp pos-rel lqd-lp lqd-lp-style-20 lqd-lp-hover-img-zoom text-start post-13431 post type-post status-publish format-standard has-post-thumbnail hentry category-holding-patrimonial\">\n<div class=\"lqd-lp-img pos-rel mb-3 overflow-hidden\">\n\t<figure class=\"pos-rel\"><img loading=\"lazy\" decoding=\"async\" width=\"700\" height=\"450\" src=\"https:\/\/souzabarrosadv.com.br\/wp-content\/uploads\/2024\/10\/thumbnails-blog-3-700x450.jpg\" class=\"w-100 wp-post-image\" alt=\"\" itemprop=\"image\" \/><\/figure><\/div>\n\n<div class=\"lqd-lp-meta mb-3\">\n\t<span class=\"screen-reader-text\">Tags <\/span><ul class=\"lqd-lp-cat lqd-lp-cat lqd-lp-cat-shaped lqd-lp-cat-solid reset-ul inline-nav inline-ul pos-rel z-index-3 font-weight-bold text-uppercase ltr-sp-1\"><li><a href=\"https:\/\/souzabarrosadv.com.br\/index.php\/category\/holding-patrimonial\/\" rel=\"category\">Holding Patrimonial<\/a><\/li><\/ul><\/div>\n<header class=\"lqd-lp-header mb-2\">\n\t<h2 class=\"entry-title lqd-lp-title m-0 h5\"><a  href=\"https:\/\/souzabarrosadv.com.br\/index.php\/2024\/10\/16\/holdings-patrimoniais-estruturacao-beneficios-fiscais-e-planejamento-sucessorio-eficiente\/\" rel=\"bookmark\">Holdings Patrimoniais: Estrutura\u00e7\u00e3o, Benef\u00edcios Fiscais e Planejamento Sucess\u00f3rio Eficiente<\/a><\/h2><\/header>\n\n\t\t\t<div class=\"lqd-lp-excerpt mb-3\">\n\t\t\t\t\t\t\t<\/div>\n\t\t\n<a  href=\"https:\/\/souzabarrosadv.com.br\/index.php\/2024\/10\/16\/holdings-patrimoniais-estruturacao-beneficios-fiscais-e-planejamento-sucessorio-eficiente\/\" class=\"lqd-lp-overlay-link lqd-overlay lqd-cc-label-trigger z-index-2\" tab-index=\"-1\"><\/a>\n<\/article><\/div><div class=\"lqd-lp-column d-flex flex-column col-md-4 col-sm-6 direito-tributario\"><article id=\"post-13428\" class=\"lqd-lp pos-rel lqd-lp lqd-lp-style-20 lqd-lp-hover-img-zoom text-start post-13428 post type-post status-publish format-standard has-post-thumbnail hentry category-direito-tributario\">\n<div class=\"lqd-lp-img pos-rel mb-3 overflow-hidden\">\n\t<figure class=\"pos-rel\"><img loading=\"lazy\" decoding=\"async\" width=\"700\" height=\"450\" src=\"data:image\/svg+xml;charset=utf-8,%3Csvg xmlns%3D&#039;http%3A%2F%2Fwww.w3.org%2F2000%2Fsvg&#039; viewBox%3D&#039;0 0 700 450&#039;%2F%3E\" class=\"w-100 ld-lazyload wp-post-image\" alt=\"\" itemprop=\"image\" data-src=\"https:\/\/souzabarrosadv.com.br\/wp-content\/uploads\/2024\/10\/thumbnails-blog-2-700x450.jpg\" data-aspect=\"1.5555555555556\" \/><\/figure><\/div>\n\n<div class=\"lqd-lp-meta mb-3\">\n\t<span class=\"screen-reader-text\">Tags <\/span><ul class=\"lqd-lp-cat lqd-lp-cat lqd-lp-cat-shaped lqd-lp-cat-solid reset-ul inline-nav inline-ul pos-rel z-index-3 font-weight-bold text-uppercase ltr-sp-1\"><li><a href=\"https:\/\/souzabarrosadv.com.br\/index.php\/category\/direito-tributario\/\" rel=\"category\">Direito Tribut\u00e1rio<\/a><\/li><\/ul><\/div>\n<header class=\"lqd-lp-header mb-2\">\n\t<h2 class=\"entry-title lqd-lp-title m-0 h5\"><a  href=\"https:\/\/souzabarrosadv.com.br\/index.php\/2024\/10\/16\/planejamento-tributario-reestruturacao-empresarial-e-a-liberdade-de-iniciativa-do-contribuinte\/\" rel=\"bookmark\">Planejamento Tribut\u00e1rio: Reestrutura\u00e7\u00e3o Empresarial e a Liberdade de Iniciativa do Contribuinte<\/a><\/h2><\/header>\n\n\t\t\t<div class=\"lqd-lp-excerpt mb-3\">\n\t\t\t\t\t\t\t<\/div>\n\t\t\n<a  href=\"https:\/\/souzabarrosadv.com.br\/index.php\/2024\/10\/16\/planejamento-tributario-reestruturacao-empresarial-e-a-liberdade-de-iniciativa-do-contribuinte\/\" class=\"lqd-lp-overlay-link lqd-overlay lqd-cc-label-trigger z-index-2\" tab-index=\"-1\"><\/a>\n<\/article><\/div><div class=\"lqd-lp-column d-flex flex-column col-md-4 col-sm-6 direito-tributario\"><article id=\"post-13424\" class=\"lqd-lp pos-rel lqd-lp lqd-lp-style-20 lqd-lp-hover-img-zoom text-start post-13424 post type-post status-publish format-standard has-post-thumbnail hentry category-direito-tributario\">\n<div class=\"lqd-lp-img pos-rel mb-3 overflow-hidden\">\n\t<figure class=\"pos-rel\"><img loading=\"lazy\" decoding=\"async\" width=\"700\" height=\"450\" src=\"data:image\/svg+xml;charset=utf-8,%3Csvg xmlns%3D&#039;http%3A%2F%2Fwww.w3.org%2F2000%2Fsvg&#039; viewBox%3D&#039;0 0 700 450&#039;%2F%3E\" class=\"w-100 ld-lazyload wp-post-image\" alt=\"\" itemprop=\"image\" data-src=\"https:\/\/souzabarrosadv.com.br\/wp-content\/uploads\/2024\/10\/thumbnails-blog-700x450.jpg\" data-aspect=\"1.5555555555556\" \/><\/figure><\/div>\n\n<div class=\"lqd-lp-meta mb-3\">\n\t<span class=\"screen-reader-text\">Tags <\/span><ul class=\"lqd-lp-cat lqd-lp-cat lqd-lp-cat-shaped lqd-lp-cat-solid reset-ul inline-nav inline-ul pos-rel z-index-3 font-weight-bold text-uppercase ltr-sp-1\"><li><a href=\"https:\/\/souzabarrosadv.com.br\/index.php\/category\/direito-tributario\/\" rel=\"category\">Direito Tribut\u00e1rio<\/a><\/li><\/ul><\/div>\n<header class=\"lqd-lp-header mb-2\">\n\t<h2 class=\"entry-title lqd-lp-title m-0 h5\"><a  href=\"https:\/\/souzabarrosadv.com.br\/index.php\/2024\/10\/16\/a-tributacao-de-insumos-agricolas-desafios-e-oportunidades-para-o-agronegocio-brasileiro\/\" rel=\"bookmark\">A Tributa\u00e7\u00e3o de Insumos Agr\u00edcolas: Desafios e Oportunidades para o Agroneg\u00f3cio Brasileiro<\/a><\/h2><\/header>\n\n\t\t\t<div class=\"lqd-lp-excerpt mb-3\">\n\t\t\t\t\t\t\t<\/div>\n\t\t\n<a  href=\"https:\/\/souzabarrosadv.com.br\/index.php\/2024\/10\/16\/a-tributacao-de-insumos-agricolas-desafios-e-oportunidades-para-o-agronegocio-brasileiro\/\" class=\"lqd-lp-overlay-link lqd-overlay lqd-cc-label-trigger z-index-2\" tab-index=\"-1\"><\/a>\n<\/article><\/div><\/div><!--\/ .row --><\/div><!--\/ .lqd-lp-grid -->\t\t<\/div>\n\t\t\t\t<\/div>\n\t\t\t\t<\/div>\n\t\t\t\t\t<\/div>\n\t\t\t\t<\/div>\n\t\t\t\t<\/div>\n\t\t","protected":false},"excerpt":{"rendered":"","protected":false},"author":1,"featured_media":0,"parent":0,"menu_order":0,"comment_status":"closed","ping_status":"closed","template":"","meta":{"_joinchat":[],"footnotes":""},"class_list":["post-12724","page","type-page","status-publish","hentry"],"_links":{"self":[{"href":"https:\/\/souzabarrosadv.com.br\/index.php\/wp-json\/wp\/v2\/pages\/12724","targetHints":{"allow":["GET"]}}],"collection":[{"href":"https:\/\/souzabarrosadv.com.br\/index.php\/wp-json\/wp\/v2\/pages"}],"about":[{"href":"https:\/\/souzabarrosadv.com.br\/index.php\/wp-json\/wp\/v2\/types\/page"}],"author":[{"embeddable":true,"href":"https:\/\/souzabarrosadv.com.br\/index.php\/wp-json\/wp\/v2\/users\/1"}],"replies":[{"embeddable":true,"href":"https:\/\/souzabarrosadv.com.br\/index.php\/wp-json\/wp\/v2\/comments?post=12724"}],"version-history":[{"count":39,"href":"https:\/\/souzabarrosadv.com.br\/index.php\/wp-json\/wp\/v2\/pages\/12724\/revisions"}],"predecessor-version":[{"id":13423,"href":"https:\/\/souzabarrosadv.com.br\/index.php\/wp-json\/wp\/v2\/pages\/12724\/revisions\/13423"}],"wp:attachment":[{"href":"https:\/\/souzabarrosadv.com.br\/index.php\/wp-json\/wp\/v2\/media?parent=12724"}],"curies":[{"name":"wp","href":"https:\/\/api.w.org\/{rel}","templated":true}]}}